{"id":15580,"date":"2023-07-17T13:58:46","date_gmt":"2023-07-17T13:58:46","guid":{"rendered":"https:\/\/micaia.itechnology.co.mz\/?page_id=15580"},"modified":"2023-11-22T12:36:37","modified_gmt":"2023-11-22T12:36:37","slug":"fundacao-micaia","status":"publish","type":"page","link":"https:\/\/dptmocambique.org\/index.php\/fundacao-micaia\/","title":{"rendered":"Funda\u00e7\u00e3o Micaia"},"content":{"rendered":"<style>\/*! elementor - v3.16.0 - 20-09-2023 *\/\n.elementor-widget-image{text-align:center}.elementor-widget-image a{display:inline-block}.elementor-widget-image a img[src$=\".svg\"]{width:48px}.elementor-widget-image img{vertical-align:middle;display:inline-block}<\/style>\n<p>\t\t\t\t\t\t\t\t\t\t\t\t<img decoding=\"async\" width=\"520\" height=\"716\" src=\"https:\/\/dptmocambique.org\/wp-content\/uploads\/2022\/06\/About_img1.jpg\" alt=\"\" loading=\"lazy\" srcset=\"https:\/\/dptmocambique.org\/wp-content\/uploads\/2022\/06\/About_img1.jpg 520w, https:\/\/dptmocambique.org\/wp-content\/uploads\/2022\/06\/About_img1-450x620.jpg 450w, https:\/\/dptmocambique.org\/wp-content\/uploads\/2022\/06\/About_img1-218x300.jpg 218w\" sizes=\"(max-width: 520px) 100vw, 520px\" \/>\t\t\t\t\t\t\t\t\t\t\t\t\t\t\t<\/p>\n<style>\/*! elementor - v3.16.0 - 20-09-2023 *\/\n.elementor-heading-title{padding:0;margin:0;line-height:1}.elementor-widget-heading .elementor-heading-title[class*=elementor-size-]>a{color:inherit;font-size:inherit;line-height:inherit}.elementor-widget-heading .elementor-heading-title.elementor-size-small{font-size:15px}.elementor-widget-heading .elementor-heading-title.elementor-size-medium{font-size:19px}.elementor-widget-heading .elementor-heading-title.elementor-size-large{font-size:29px}.elementor-widget-heading .elementor-heading-title.elementor-size-xl{font-size:39px}.elementor-widget-heading .elementor-heading-title.elementor-size-xxl{font-size:59px}<\/style>\n<h2>Acreditamos que toda crian\u00e7a merece um futuro.<\/h2>\n<p>\t\t\t\t\t\t\t\t\t\t\t\t\t\t\t<img decoding=\"async\" width=\"360\" height=\"520\" src=\"https:\/\/dptmocambique.org\/wp-content\/uploads\/2022\/06\/About_img.jpg\" alt=\"\" loading=\"lazy\" srcset=\"https:\/\/dptmocambique.org\/wp-content\/uploads\/2022\/06\/About_img.jpg 360w, https:\/\/dptmocambique.org\/wp-content\/uploads\/2022\/06\/About_img-208x300.jpg 208w\" sizes=\"(max-width: 360px) 100vw, 360px\" \/>\t\t\t\t\t\t\t\t\t\t\t\t\t\t\t<\/p>\n<h2>Sobre a MICAIA<br \/>\n<\/h2>\n<p>A Funda\u00e7\u00e3o Micaia \u00e9 a institui\u00e7\u00e3o nacional \u00e2ncora na Alian\u00e7a de Doar para Transformar. A alian\u00e7a \u00e9 liderada por um cons\u00f3rcio internacional constitu\u00eddo pelo <strong>Fundo Global para Funda\u00e7\u00f5es Comunit\u00e1rias<\/strong> (GFCF), <strong>Rede de Filantropia de \u00c1frica<\/strong> (APN), <strong>Funda\u00e7\u00e3o para o Desenvolvimento Comunit\u00e1rio do Qu\u00e9nia<\/strong> (KCDF) e <strong>Wilde Ganzen<\/strong> (WG).<\/p>\n<p>Estas organiza\u00e7\u00f5es unem-se pela sua vis\u00e3o comum sobre o desenvolvimento liderado pela comunidade atrav\u00e9s da filantropia comunit\u00e1ria e dom\u00e9stica. A alian\u00e7a inclui onze organiza\u00e7\u00f5es e oito pa\u00edses. O projecto Doar para Transformar est\u00e1 a ser financiado pelo Minist\u00e9rio dos Neg\u00f3cios Estrangeiros holand\u00eas.<\/p>\n<link rel=\"stylesheet\" href=\"https:\/\/dptmocambique.org\/wp-content\/uploads\/elementor\/css\/custom-widget-icon-box.min.css?ver=1699944947\">\n<h3>\n\t\t\t\t\t\tMiss\u00e3o<br \/>\n\t\t\t\t<\/h3>\n<p>\n\t\t\t\t\t\tA miss\u00e3o, portanto, \u00e9 ajudar Mo\u00e7ambique a prosperar de forma sustent\u00e1vel e inclusiva, com todas as pessoas capazes e apoiadas a garantir do seu pr\u00f3prio bem-estar.\t\t\t\t\t<\/p>\n<h3>\n\t\t\t\t\t\tVis\u00e3o<br \/>\n\t\t\t\t<\/h3>\n<p>\n\t\t\t\t\t\tA vis\u00e3o da Micaia \u00e9 um Mo\u00e7ambique em que todas as pessoas tenham capacidade para prosperar. \t\t\t\t\t<\/p>\n<style>\/*! elementor - v3.16.0 - 20-09-2023 *\/\n.elementor-column .elementor-spacer-inner{height:var(--spacer-size)}.e-con{--container-widget-width:100%}.e-con-inner>.elementor-widget-spacer,.e-con>.elementor-widget-spacer{width:var(--container-widget-width,var(--spacer-size));--align-self:var(--container-widget-align-self,initial);--flex-shrink:0}.e-con-inner>.elementor-widget-spacer>.elementor-widget-container,.e-con>.elementor-widget-spacer>.elementor-widget-container{height:100%;width:100%}.e-con-inner>.elementor-widget-spacer>.elementor-widget-container>.elementor-spacer,.e-con>.elementor-widget-spacer>.elementor-widget-container>.elementor-spacer{height:100%}.e-con-inner>.elementor-widget-spacer>.elementor-widget-container>.elementor-spacer>.elementor-spacer-inner,.e-con>.elementor-widget-spacer>.elementor-widget-container>.elementor-spacer>.elementor-spacer-inner{height:var(--container-widget-height,var(--spacer-size))}.e-con-inner>.elementor-widget-spacer.elementor-widget-empty,.e-con>.elementor-widget-spacer.elementor-widget-empty{position:relative;min-height:22px;min-width:22px}.e-con-inner>.elementor-widget-spacer.elementor-widget-empty .elementor-widget-empty-icon,.e-con>.elementor-widget-spacer.elementor-widget-empty .elementor-widget-empty-icon{position:absolute;top:0;bottom:0;left:0;right:0;margin:auto;padding:0;width:22px;height:22px}<\/style>\n<p>            <img decoding=\"async\" alt=\"Background\" src=\"https:\/\/dptmocambique.org\/wp-content\/uploads\/2022\/07\/wherewework_map.png\"><br \/>\n                        Maputo, Mo\u00e7ambique<br \/>\n                        Chimoio, Mo\u00e7ambique<\/p>\n","protected":false},"excerpt":{"rendered":"<p>Acreditamos que toda crian\u00e7a merece um futuro. Sobre a MICAIA A Funda\u00e7\u00e3o Micaia \u00e9 a institui\u00e7\u00e3o nacional \u00e2ncora na Alian\u00e7a de Doar para Transformar. A alian\u00e7a \u00e9 liderada por um cons\u00f3rcio internacional constitu\u00eddo pelo Fundo Global para Funda\u00e7\u00f5es Comunit\u00e1rias (GFCF), Rede de Filantropia de \u00c1frica (APN), Funda\u00e7\u00e3o para o Desenvolvimento Comunit\u00e1rio do Qu\u00e9nia (KCDF) e [&hellip;]<\/p>\n","protected":false},"author":1,"featured_media":0,"parent":0,"menu_order":0,"comment_status":"closed","ping_status":"closed","template":"template-homepage.php","meta":[],"_links":{"self":[{"href":"https:\/\/dptmocambique.org\/index.php\/wp-json\/wp\/v2\/pages\/15580"}],"collection":[{"href":"https:\/\/dptmocambique.org\/index.php\/wp-json\/wp\/v2\/pages"}],"about":[{"href":"https:\/\/dptmocambique.org\/index.php\/wp-json\/wp\/v2\/types\/page"}],"author":[{"embeddable":true,"href":"https:\/\/dptmocambique.org\/index.php\/wp-json\/wp\/v2\/users\/1"}],"replies":[{"embeddable":true,"href":"https:\/\/dptmocambique.org\/index.php\/wp-json\/wp\/v2\/comments?post=15580"}],"version-history":[{"count":0,"href":"https:\/\/dptmocambique.org\/index.php\/wp-json\/wp\/v2\/pages\/15580\/revisions"}],"wp:attachment":[{"href":"https:\/\/dptmocambique.org\/index.php\/wp-json\/wp\/v2\/media?parent=15580"}],"curies":[{"name":"wp","href":"https:\/\/api.w.org\/{rel}","templated":true}]}}