{"id":15601,"date":"2023-07-17T14:44:02","date_gmt":"2023-07-17T14:44:02","guid":{"rendered":"https:\/\/micaia.itechnology.co.mz\/?page_id=15601"},"modified":"2023-11-22T14:24:26","modified_gmt":"2023-11-22T14:24:26","slug":"proejecto-dpt","status":"publish","type":"page","link":"https:\/\/dptmocambique.org\/index.php\/proejecto-dpt\/","title":{"rendered":"Projecto Doar Para Transformar (DPT)"},"content":{"rendered":"<p>O projecto Doar Para Transformar apresenta uma vis\u00e3o ousada para mudar a forma como o desenvolvimento \u00e9 feito, concentrando-se especificamente no reconhecimento da import\u00e2ncia dos recursos dom\u00e9sticos para garantir a apropria\u00e7\u00e3o local do processo de desenvolvimento, desbloquear a capacidades das pessoas decidirem e agirem na constru\u00e7\u00e3o do seu pr\u00f3prio futuro, e fortalecer a capacidade das comunidades reivindicarem seus direitos de diferentes actores, especialmente o<br \/>governo. Subjacente a tudo isso est\u00e1 a quest\u00e3o maior do poder &#8211; o projecto visa a supera\u00e7\u00e3o da din\u00e2mica de poder e o estabelecimento de pr\u00e1ticas mais equitativas dentro do pr\u00f3prio sistema de desenvolvimento internacional.<\/p>\n<style>\/*! elementor - v3.16.0 - 20-09-2023 *\/\n.elementor-heading-title{padding:0;margin:0;line-height:1}.elementor-widget-heading .elementor-heading-title[class*=elementor-size-]>a{color:inherit;font-size:inherit;line-height:inherit}.elementor-widget-heading .elementor-heading-title.elementor-size-small{font-size:15px}.elementor-widget-heading .elementor-heading-title.elementor-size-medium{font-size:19px}.elementor-widget-heading .elementor-heading-title.elementor-size-large{font-size:29px}.elementor-widget-heading .elementor-heading-title.elementor-size-xl{font-size:39px}.elementor-widget-heading .elementor-heading-title.elementor-size-xxl{font-size:59px}<\/style>\n<p>Filantropia Comunit\u00e1ria\t\t<\/p>\n<h2 >\n                    Ideias chave que sustentam<br \/>\n                    o conceito de filantropia comunit\u00e1ria<br \/>\n                <\/h2>\n<p>A filantropia comunit\u00e1ria \u00e9 baseada na premissa de que todas as comunidades t\u00eam seus pr\u00f3prios recursos e talentos (dinheiro, habilidades, conhecimento, redes etc.).<\/p>\n<p>Comunidades de Pr\u00e1tica (CoP) s\u00e3o grupos de membros de outras organiza\u00e7\u00f5es que juntam-se em encontros regulares para desenhar ac\u00e7\u00f5es colectivas ligadas a diferentes \u00e1reas espec\u00edficas. O trabalho das CoP\u2019s suporta as diferentes actividades das diferentes organiza\u00e7\u00f5es comunit\u00e1rias espalhadas pelos munic\u00edpios, consequentemente cria a possibilidade de parcerias de ac\u00e7\u00e3o entre diferentes organiza\u00e7\u00f5es.<\/p>\n<link rel=\"stylesheet\" href=\"https:\/\/dptmocambique.org\/wp-content\/uploads\/elementor\/css\/custom-widget-icon-box.min.css?ver=1699944947\">\n<h3>\n\t\t\t\t\t\tComo a mudan\u00e7a acontece<br \/>\n\t\t\t\t<\/h3>\n<p>\n\t\t\t\t\t\tOs elementos-chave da mudan\u00e7a s\u00e3o a emerg\u00eancia (o resultado n\u00e3o planejado de uma interven\u00e7\u00e3o ou que \u00e9 maior do que a soma das ac\u00e7\u00f5es que a produziram) e atratores latentes (ou seja, padr\u00f5es de pensamento ou comportamentos fortemente consistentes que precisam ser superados se novos comportamentos\/normas &#8211; tais como doa\u00e7\u00f5es locais, amplo apoio aos direitos humanos, etc., devem se tornar sustent\u00e1veis). Em certo ponto, quando h\u00e1 uma massa cr\u00edtica de atitudes alteradas, a mudan\u00e7a material se torna poss\u00edvel. \t\t\t\t\t<\/p>\n<h3>\n\t\t\t\t\t\tSistemas dominantes e emergentes<br \/>\n\t\t\t\t<\/h3>\n<p>\n\t\t\t\t\t\tO sistema (dominante) de desenvolvimento internacional est\u00e1 num momento de transi\u00e7\u00e3o e decl\u00ednio; um novo sistema emergente (que inclui filantropia comunit\u00e1ria, #ShiftThePower etc.) est\u00e1 evoluindo. Para que o sistema emergente alcance seu potencial, ele precisa ser apoiado, estruturado e estabilizado, para se deslocar das margens para o centro. \u00c0 medida que o sistema dominante declina, algumas partes dele podem se tornar redundantes, mas outros ativos valiosos e relevantes<br \/>\npodem &#8220;fazer a transi\u00e7\u00e3o&#8221; para o novo: conforme isso acontece, conforme o novo sistema \u00e9 validado, apoiado e capitalizado, sua influ\u00eancia aumentar\u00e1, actores diversos (governos, financiadores, etc.) o reconhecer\u00e3o e com ele se envolver\u00e3o\t\t\t\t\t<\/p>\n<h2>Dom\u00ednio Comunit\u00e1rio<\/h2>\n<h2 >\n                    Pretendemos desbloquear o poder colectivo das<br \/>\n                    comunidades locais<br \/>\n                <\/h2>\n<p>No dom\u00ednio central, pretendemos desbloquear o poder colectivo das comunidades locais, representadas por actores da sociedade civil, para expressarem a sua opini\u00e3o por meio da filantropia comunit\u00e1ria. Sob este dom\u00ednio, formaremos Comunidades de Pr\u00e1tica (CdP) locais.<\/p>\n<p>O foco na mobiliza\u00e7\u00e3o de recursos internos, constru\u00e7\u00e3o de constituintes e mudan\u00e7a de mentalidade como quest\u00f5es transversais pode ser a cola para reunir diferentes tipos de actores que normalmente n\u00e3o se conectam uns com os outros. Investiremos na constru\u00e7\u00e3o de relacionamentos entre esses actores.<\/p>\n<p>Embora desejemos envolver diferentes tipos de ASC nas CdP, vamos nos concentrar deliberadamente no envolvimento de ASC que representam mulheres e meninas, jovens e outros grupos marginalizados (como por exemplo, pessoas que vivem com defici\u00eancia, comunidades baseadas em identidade, como LGBTQI+).<\/p>\n<h2>Dom\u00ednio Nacional<br \/>\n<\/h2>\n<p>No segundo dom\u00ednio, pretendemos influenciar o governo e os actores sociais (fil\u00e1ntropos emergentes, doadores individuais) para apoiar o desenvolvimento da filantropia comunit\u00e1ria, criando condi\u00e7\u00f5es favor\u00e1veis para promover doa\u00e7\u00f5es filantr\u00f3picas locais como forma de impulsionar mudan\u00e7as sociais e de sistemas de desenvolvimento. Nosso objectivo \u00e9 fortalecer a apropria\u00e7\u00e3o local dos processos de desenvolvimento e ampliar a voz e a ac\u00e7\u00e3o das comunidades, exigindo responsabilidade e respeito pelos direitos humanos dos detentores do poder.<\/p>\n<p>Especificamente, este dom\u00ednio visa atingir dois objetivos:<\/p>\n<h3>\n\t\t\t\t\t\tDoa\u00e7\u00f5es<br \/>\n\t\t\t\t<\/h3>\n<p>\n\t\t\t\t\t\tAumentar a conscientiza\u00e7\u00e3o do governo sobre a import\u00e2ncia de facilitar as doa\u00e7\u00f5es para ASC e adoptar leis e regulamentos que possibilitem doa\u00e7\u00f5es filantr\u00f3picas dom\u00e9sticas.\t\t\t\t\t<\/p>\n<h3>\n\t\t\t\t\t\tConscientiza\u00e7\u00e3o<br \/>\n\t\t\t\t<\/h3>\n<p>\n\t\t\t\t\t\tAumentar a conscientiza\u00e7\u00e3o dos doadores (institucionais e individuais) sobre o potencial de doar como motivador de mudan\u00e7as sociais e de sistemas de desenvolvimento, e aumento de doa\u00e7\u00f5es para ASC que impulsionam o desenvolvimento liderado pela comunidade e promovem o respeito pelos direitos humanos.\t\t\t\t\t<\/p>\n<p>\t\t\tDom\u00ednio Internacional<\/p>\n<h2 >\n                    O objetivo geral neste dom\u00ednio \u00e9<br \/>\n                    influenciar e fazer parceria<br \/>\n                <\/h2>\n<p>Este dom\u00ednio ser\u00e1 liderado pelo cons\u00f3rcio que consiste no Fundo Global para Funda\u00e7\u00f5es Comunit\u00e1rias (GFCF), Rede Filantr\u00f3pica da \u00c1frica (APN), Funda\u00e7\u00e3o para o Desenvolvimento da Comunidade do Qu\u00eania (KCDF) e Wilde Ganzen (WG). O objetivo geral neste dom\u00ednio \u00e9 influenciar e fazer parceria com actores de desenvolvimento internacional para apreciar, apoiar e promover o desenvolvimento da filantropia comunit\u00e1ria como um pilar central de esfor\u00e7os mais amplos para transferir poder e recursos para mais perto da comunidade, para fortalecer a propriedade local dos processos de desenvolvimento e para ampliar a capacidade dos cidad\u00e3os e comunidades de serem ouvidos e de reivindicar direitos. Neste dom\u00ednio, procurar-se-\u00e1 encontrar v\u00e1rias maneiras de avan\u00e7ar nosso objetivo, aproveitando ao m\u00e1ximo os membros do cons\u00f3rcio, IAN e as diferentes posi\u00e7\u00f5es de outros parceiros no ecossistema mais amplo de filantropia e desenvolvimento.<\/p>\n","protected":false},"excerpt":{"rendered":"<p>O projecto Doar Para Transformar apresenta uma vis\u00e3o ousada para mudar a forma como o desenvolvimento \u00e9 feito, concentrando-se especificamente no reconhecimento da import\u00e2ncia dos recursos dom\u00e9sticos para garantir a apropria\u00e7\u00e3o local do processo de desenvolvimento, desbloquear a capacidades das pessoas decidirem e agirem na constru\u00e7\u00e3o do seu pr\u00f3prio futuro, e fortalecer a capacidade das [&hellip;]<\/p>\n","protected":false},"author":1,"featured_media":0,"parent":0,"menu_order":0,"comment_status":"closed","ping_status":"closed","template":"template-homepage.php","meta":[],"_links":{"self":[{"href":"https:\/\/dptmocambique.org\/index.php\/wp-json\/wp\/v2\/pages\/15601"}],"collection":[{"href":"https:\/\/dptmocambique.org\/index.php\/wp-json\/wp\/v2\/pages"}],"about":[{"href":"https:\/\/dptmocambique.org\/index.php\/wp-json\/wp\/v2\/types\/page"}],"author":[{"embeddable":true,"href":"https:\/\/dptmocambique.org\/index.php\/wp-json\/wp\/v2\/users\/1"}],"replies":[{"embeddable":true,"href":"https:\/\/dptmocambique.org\/index.php\/wp-json\/wp\/v2\/comments?post=15601"}],"version-history":[{"count":0,"href":"https:\/\/dptmocambique.org\/index.php\/wp-json\/wp\/v2\/pages\/15601\/revisions"}],"wp:attachment":[{"href":"https:\/\/dptmocambique.org\/index.php\/wp-json\/wp\/v2\/media?parent=15601"}],"curies":[{"name":"wp","href":"https:\/\/api.w.org\/{rel}","templated":true}]}}