{"id":15653,"date":"2023-07-18T07:16:03","date_gmt":"2023-07-18T07:16:03","guid":{"rendered":"https:\/\/micaia.itechnology.co.mz\/?page_id=15653"},"modified":"2023-11-22T12:43:41","modified_gmt":"2023-11-22T12:43:41","slug":"objectivo-estrategico-do-projecto","status":"publish","type":"page","link":"https:\/\/dptmocambique.org\/index.php\/objectivo-estrategico-do-projecto\/","title":{"rendered":"Objectivo estrat\u00e9gico do projecto"},"content":{"rendered":"<style>\/*! elementor - v3.16.0 - 20-09-2023 *\/\n.elementor-heading-title{padding:0;margin:0;line-height:1}.elementor-widget-heading .elementor-heading-title[class*=elementor-size-]>a{color:inherit;font-size:inherit;line-height:inherit}.elementor-widget-heading .elementor-heading-title.elementor-size-small{font-size:15px}.elementor-widget-heading .elementor-heading-title.elementor-size-medium{font-size:19px}.elementor-widget-heading .elementor-heading-title.elementor-size-large{font-size:29px}.elementor-widget-heading .elementor-heading-title.elementor-size-xl{font-size:39px}.elementor-widget-heading .elementor-heading-title.elementor-size-xxl{font-size:59px}<\/style>\n<h2>Objectivo estrat\u00e9gico do projecto<\/h2>\n<p>O objetivo estrat\u00e9gico do projecto Doar Para Transformar \u00e9 aumentar a liberdade de express\u00e3o (tanto como um meio quanto como um fim), ampliando as vozes das comunidades que reivindicam seus direitos aos detentores do poder por meio da filantropia comunit\u00e1ria, com o apoio de outros actores do estado e da sociedade.<\/p>\n<link rel=\"stylesheet\" href=\"https:\/\/dptmocambique.org\/wp-content\/uploads\/elementor\/css\/custom-widget-icon-box.min.css?ver=1699944947\">\n<h3>\n\t\t\t\t\t\tFortalecer a Cultura de Filantropia<br \/>\n\t\t\t\t<\/h3>\n<p>\n\t\t\t\t\t\tPromover e fortalecer a cultura de filantropia em Mo\u00e7ambique, incentivando a participa\u00e7\u00e3o comunit\u00e1ria e nacional nas iniciativas de desenvolvimento.\t\t\t\t\t<\/p>\n<h3>\n\t\t\t\t\t\tCapacita\u00e7\u00e3o Comunit\u00e1ria<br \/>\n\t\t\t\t<\/h3>\n<p>\n\t\t\t\t\t\tDesenvolver a capacidade das comunidades locais para identificar, gerir e implementar projectos que atendam \u00e0s suas necessidades espec\u00edficas.\t\t\t\t\t<\/p>\n<h3>\n\t\t\t\t\t\tPromover Parcerias<br \/>\n\t\t\t\t<\/h3>\n<p>\n\t\t\t\t\t\tFomentar parcerias entre organiza\u00e7\u00f5es comunit\u00e1rias, nacionais e internacionais para partilhar recursos, conhecimentos e experi\u00eancias.\t\t\t\t\t<\/p>\n<h3>\n\t\t\t\t\t\tAdvocacia e Consciencializa\u00e7\u00e3o<br \/>\n\t\t\t\t<\/h3>\n<p>\n\t\t\t\t\t\tSensibilizar para a import\u00e2ncia da filantropia comunit\u00e1ria e dom\u00e9stica como um meio de alcan\u00e7ar o desenvolvimento sustent\u00e1vel.\t\t\t\t\t<\/p>\n","protected":false},"excerpt":{"rendered":"<p>Objectivo estrat\u00e9gico do projecto O objetivo estrat\u00e9gico do projecto Doar Para Transformar \u00e9 aumentar a liberdade de express\u00e3o (tanto como um meio quanto como um fim), ampliando as vozes das comunidades que reivindicam seus direitos aos detentores do poder por meio da filantropia comunit\u00e1ria, com o apoio de outros actores do estado e da sociedade. [&hellip;]<\/p>\n","protected":false},"author":1,"featured_media":0,"parent":0,"menu_order":0,"comment_status":"closed","ping_status":"closed","template":"template-homepage.php","meta":[],"_links":{"self":[{"href":"https:\/\/dptmocambique.org\/index.php\/wp-json\/wp\/v2\/pages\/15653"}],"collection":[{"href":"https:\/\/dptmocambique.org\/index.php\/wp-json\/wp\/v2\/pages"}],"about":[{"href":"https:\/\/dptmocambique.org\/index.php\/wp-json\/wp\/v2\/types\/page"}],"author":[{"embeddable":true,"href":"https:\/\/dptmocambique.org\/index.php\/wp-json\/wp\/v2\/users\/1"}],"replies":[{"embeddable":true,"href":"https:\/\/dptmocambique.org\/index.php\/wp-json\/wp\/v2\/comments?post=15653"}],"version-history":[{"count":0,"href":"https:\/\/dptmocambique.org\/index.php\/wp-json\/wp\/v2\/pages\/15653\/revisions"}],"wp:attachment":[{"href":"https:\/\/dptmocambique.org\/index.php\/wp-json\/wp\/v2\/media?parent=15653"}],"curies":[{"name":"wp","href":"https:\/\/api.w.org\/{rel}","templated":true}]}}