{"id":15661,"date":"2023-07-18T07:43:59","date_gmt":"2023-07-18T07:43:59","guid":{"rendered":"https:\/\/micaia.itechnology.co.mz\/?page_id=15661"},"modified":"2023-08-10T11:16:36","modified_gmt":"2023-08-10T11:16:36","slug":"dominio-comunitario","status":"publish","type":"page","link":"https:\/\/dptmocambique.org\/index.php\/dominio-comunitario\/","title":{"rendered":"Dom\u00ednio Comunit\u00e1rio"},"content":{"rendered":"<style>\/*! elementor - v3.15.0 - 31-07-2023 *\/\n.elementor-heading-title{padding:0;margin:0;line-height:1}.elementor-widget-heading .elementor-heading-title[class*=elementor-size-]>a{color:inherit;font-size:inherit;line-height:inherit}.elementor-widget-heading .elementor-heading-title.elementor-size-small{font-size:15px}.elementor-widget-heading .elementor-heading-title.elementor-size-medium{font-size:19px}.elementor-widget-heading .elementor-heading-title.elementor-size-large{font-size:29px}.elementor-widget-heading .elementor-heading-title.elementor-size-xl{font-size:39px}.elementor-widget-heading .elementor-heading-title.elementor-size-xxl{font-size:59px}<\/style>\n<h2>Dom\u00ednio Comunit\u00e1rio<\/h2>\n<h2 >\n                    Pretendemos desbloquear o poder colectivo das<br \/>\n                    comunidades locais<br \/>\n                <\/h2>\n<p>No dom\u00ednio central, pretendemos desbloquear o poder colectivo das comunidades locais, representadas por actores da sociedade civil, para expressarem a sua opini\u00e3o por meio da filantropia comunit\u00e1ria. Sob este dom\u00ednio, formaremos Comunidades de Pr\u00e1tica (CdP) locais.<\/p>\n<p>O foco na mobiliza\u00e7\u00e3o de recursos internos, constru\u00e7\u00e3o de constituintes e mudan\u00e7a de mentalidade como quest\u00f5es transversais pode ser a cola para reunir diferentes tipos de actores que normalmente n\u00e3o se conectam uns com os outros. Investiremos na constru\u00e7\u00e3o de relacionamentos entre esses actores.<\/p>\n<p>Embora desejemos envolver diferentes tipos de ASC nas CdP, vamos nos concentrar deliberadamente no envolvimento de ASC que representam mulheres e meninas, jovens e outros grupos marginalizados (como por exemplo, pessoas que vivem com defici\u00eancia, comunidades baseadas em identidade, como LGBTQI+).<\/p>\n<h2 >\n                    Actividades<br \/>\n                <\/h2>\n<link rel=\"stylesheet\" href=\"https:\/\/dptmocambique.org\/wp-content\/uploads\/elementor\/css\/custom-widget-icon-box.min.css?ver=1690898200\">\n<h3>\n\t\t\t\t\t\tFortalecer a capacidade dos membros da CdP<br \/>\n\t\t\t\t<\/h3>\n<p>Fortalecer a capacidade dos membros da CdP por meio de treinamento, coaching, aprendizagem entre pares e financiamento para influenciar a mentalidade de depend\u00eancia das comunidades e mobilizar apoio para seu trabalho, construindo constituintes locais e levantando recursos dom\u00e9sticos<\/p>\n<h3>\n\t\t\t\t\t\tAumentar a participa\u00e7\u00e3o pol\u00edtica<br \/>\n\t\t\t\t<\/h3>\n<p>Aumentar a participa\u00e7\u00e3o pol\u00edtica por meio do fortalecimento da capacidade e do financiamento dos membros da CdP para expressar as vozes dos cidad\u00e3os e reivindicar direitos a n\u00edvel local (papel de representa\u00e7\u00e3o ), com base em planos de ac\u00e7\u00e3o (colectivos) para lobby e defesa desenvolvidos durante os cursos de treinamento, para atender \u00e0s prioridades da comunidade.<\/p>\n<h3>\n\t\t\t\t\t\tTransferir o poder e o controle para mais perto das comunidades<br \/>\n\t\t\t\t<\/h3>\n<p>Transferir o poder e o controle para mais perto das comunidades, para que as pessoas tenham mais voz &#8211; e a oportunidade de agir &#8211; quando se trata de conduzir seu pr\u00f3prio desenvolvimento Reconhecer, valorizar e aumentar os activos e recursos locais como um pilar central do desenvolvimento da apropria\u00e7\u00e3o e lideran\u00e7a comunit\u00e1ria.<\/p>\n","protected":false},"excerpt":{"rendered":"<p>Dom\u00ednio Comunit\u00e1rio Pretendemos desbloquear o poder colectivo das comunidades locais No dom\u00ednio central, pretendemos desbloquear o poder colectivo das comunidades locais, representadas por actores da sociedade civil, para expressarem a sua opini\u00e3o por meio da filantropia comunit\u00e1ria. Sob este dom\u00ednio, formaremos Comunidades de Pr\u00e1tica (CdP) locais. O foco na mobiliza\u00e7\u00e3o de recursos internos, constru\u00e7\u00e3o de [&hellip;]<\/p>\n","protected":false},"author":1,"featured_media":0,"parent":0,"menu_order":0,"comment_status":"closed","ping_status":"closed","template":"template-homepage.php","meta":[],"_links":{"self":[{"href":"https:\/\/dptmocambique.org\/index.php\/wp-json\/wp\/v2\/pages\/15661"}],"collection":[{"href":"https:\/\/dptmocambique.org\/index.php\/wp-json\/wp\/v2\/pages"}],"about":[{"href":"https:\/\/dptmocambique.org\/index.php\/wp-json\/wp\/v2\/types\/page"}],"author":[{"embeddable":true,"href":"https:\/\/dptmocambique.org\/index.php\/wp-json\/wp\/v2\/users\/1"}],"replies":[{"embeddable":true,"href":"https:\/\/dptmocambique.org\/index.php\/wp-json\/wp\/v2\/comments?post=15661"}],"version-history":[{"count":0,"href":"https:\/\/dptmocambique.org\/index.php\/wp-json\/wp\/v2\/pages\/15661\/revisions"}],"wp:attachment":[{"href":"https:\/\/dptmocambique.org\/index.php\/wp-json\/wp\/v2\/media?parent=15661"}],"curies":[{"name":"wp","href":"https:\/\/api.w.org\/{rel}","templated":true}]}}