{"id":15691,"date":"2023-07-18T11:44:55","date_gmt":"2023-07-18T11:44:55","guid":{"rendered":"https:\/\/micaia.itechnology.co.mz\/?page_id=15691"},"modified":"2023-11-22T12:55:15","modified_gmt":"2023-11-22T12:55:15","slug":"galeria","status":"publish","type":"page","link":"https:\/\/dptmocambique.org\/index.php\/galeria\/","title":{"rendered":"Galeria"},"content":{"rendered":"<style>\/*! elementor - v3.16.0 - 20-09-2023 *\/\n.elementor-heading-title{padding:0;margin:0;line-height:1}.elementor-widget-heading .elementor-heading-title[class*=elementor-size-]>a{color:inherit;font-size:inherit;line-height:inherit}.elementor-widget-heading .elementor-heading-title.elementor-size-small{font-size:15px}.elementor-widget-heading .elementor-heading-title.elementor-size-medium{font-size:19px}.elementor-widget-heading .elementor-heading-title.elementor-size-large{font-size:29px}.elementor-widget-heading .elementor-heading-title.elementor-size-xl{font-size:39px}.elementor-widget-heading .elementor-heading-title.elementor-size-xxl{font-size:59px}<\/style>\n<p>Nossos Projetos de Filantropia\t\t<\/p>\n<p>H\u00e1 mais de 100 anos, nosso fundador disse: &#8220;Save the Children \u00e9 frequentemente informada de que seus objetivos s\u00e3o imposs\u00edveis &#8211; que sempre houve sofrimento infantil e sempre haver\u00e1. Sabemos que \u00e9 imposs\u00edvel apenas se tornarmos assim. \u00c9 imposs\u00edvel apenas se nos recusarmos a tentar.&#8221;<\/p>\n<ul data-related=\"isotope-8292977\">\n<li\n                data-filter=\".__all\">All Work <\/li>\n<li\n                    data-filter=\".campanhas-locais\">Campanhas Locais(3) <\/li>\n<li\n                    data-filter=\".mesa-redonda\">Mesa Redonda(1) <\/li>\n<li\n                    data-filter=\".outros\">Outros(2) <\/li>\n<li>(6)<\/li>\n<\/ul>\n<article>\n                                <img width=\"820\" height=\"860\" src=\"https:\/\/dptmocambique.org\/wp-content\/uploads\/2023\/11\/lancamento-do-Conselho-Nacional-de-Apicultura-de-Micaia-5-Mocambique-820x860.jpg\" alt=\"\" decoding=\"async\" loading=\"lazy\" \/>                    <!-- .post-thumbnail --><br \/>\n            <a href=\"https:\/\/dptmocambique.org\/index.php\/portfolio-cat\/outros\/\">Outros<\/a><\/p>\n<h5><a href=\"https:\/\/dptmocambique.org\/index.php\/portfolio\/lancamento-do-conselho-nacional-de-apicultura\/\">Lan\u00e7amento do Conselho Nacional de Apicultura<\/a><\/h5>\n<\/article>\n<p><!-- #post-## --><\/p>\n<article>\n                                <img width=\"820\" height=\"860\" src=\"https:\/\/dptmocambique.org\/wp-content\/uploads\/2023\/11\/Visita-da-Embaixadora-Micai-132-820x860.jpg\" alt=\"\" decoding=\"async\" loading=\"lazy\" \/>                    <!-- .post-thumbnail --><br \/>\n            <a href=\"https:\/\/dptmocambique.org\/index.php\/portfolio-cat\/outros\/\">Outros<\/a><\/p>\n<h5><a href=\"https:\/\/dptmocambique.org\/index.php\/portfolio\/visita-da-embaixadora\/\">Visita da Embaixadora<\/a><\/h5>\n<\/article>\n<p><!-- #post-## --><\/p>\n<article>\n                                <img width=\"820\" height=\"860\" src=\"https:\/\/dptmocambique.org\/wp-content\/uploads\/2023\/11\/Mesa-Redonda-com-os-Idosos-28-820x860.jpg\" alt=\"\" decoding=\"async\" loading=\"lazy\" \/>                    <!-- .post-thumbnail --><br \/>\n            <a href=\"https:\/\/dptmocambique.org\/index.php\/portfolio-cat\/mesa-redonda\/\">Mesa Redonda<\/a><\/p>\n<h5><a href=\"https:\/\/dptmocambique.org\/index.php\/portfolio\/mesa-redonda-com-idosos\/\">Mesa Redonda com Idosos<\/a><\/h5>\n<\/article>\n<p><!-- #post-## --><\/p>\n<article>\n                                <img width=\"820\" height=\"860\" src=\"https:\/\/dptmocambique.org\/wp-content\/uploads\/2023\/11\/IMG_2456--820x860.jpg\" alt=\"\" decoding=\"async\" loading=\"lazy\" \/>                    <!-- .post-thumbnail --><br \/>\n            <a href=\"https:\/\/dptmocambique.org\/index.php\/portfolio-cat\/campanhas-locais\/\">Campanhas Locais<\/a><\/p>\n<h5><a href=\"https:\/\/dptmocambique.org\/index.php\/portfolio\/rejocom\/\">REJOCOM<\/a><\/h5>\n<\/article>\n<p><!-- #post-## --><\/p>\n<article>\n                                <img width=\"820\" height=\"860\" src=\"https:\/\/dptmocambique.org\/wp-content\/uploads\/2023\/11\/WhatsApp-Image-2023-07-26-at-15.17.58-1-820x860.jpeg\" alt=\"\" decoding=\"async\" loading=\"lazy\" \/>                    <!-- .post-thumbnail --><br \/>\n            <a href=\"https:\/\/dptmocambique.org\/index.php\/portfolio-cat\/campanhas-locais\/\">Campanhas Locais<\/a><\/p>\n<h5><a href=\"https:\/\/dptmocambique.org\/index.php\/portfolio\/ass-ahitipaluxene\/\">ASS. AHITIPALUXENE<\/a><\/h5>\n<\/article>\n<p><!-- #post-## --><\/p>\n<article>\n                                <img width=\"820\" height=\"768\" src=\"https:\/\/dptmocambique.org\/wp-content\/uploads\/2023\/11\/WhatsApp-Image-2023-08-12-at-13.11.10-4-820x768.jpeg\" alt=\"\" decoding=\"async\" loading=\"lazy\" \/>                    <!-- .post-thumbnail --><br \/>\n            <a href=\"https:\/\/dptmocambique.org\/index.php\/portfolio-cat\/campanhas-locais\/\">Campanhas Locais<\/a><\/p>\n<h5><a href=\"https:\/\/dptmocambique.org\/index.php\/portfolio\/adecowa\/\">ADECOWA<\/a><\/h5>\n<\/article>\n<p><!-- #post-## --><\/p>\n","protected":false},"excerpt":{"rendered":"<p>Nossos Projetos de Filantropia H\u00e1 mais de 100 anos, nosso fundador disse: &#8220;Save the Children \u00e9 frequentemente informada de que seus objetivos s\u00e3o imposs\u00edveis &#8211; que sempre houve sofrimento infantil e sempre haver\u00e1. Sabemos que \u00e9 imposs\u00edvel apenas se tornarmos assim. \u00c9 imposs\u00edvel apenas se nos recusarmos a tentar.&#8221; All Work Campanhas Locais(3) Mesa Redonda(1) [&hellip;]<\/p>\n","protected":false},"author":1,"featured_media":0,"parent":0,"menu_order":0,"comment_status":"closed","ping_status":"closed","template":"","meta":[],"_links":{"self":[{"href":"https:\/\/dptmocambique.org\/index.php\/wp-json\/wp\/v2\/pages\/15691"}],"collection":[{"href":"https:\/\/dptmocambique.org\/index.php\/wp-json\/wp\/v2\/pages"}],"about":[{"href":"https:\/\/dptmocambique.org\/index.php\/wp-json\/wp\/v2\/types\/page"}],"author":[{"embeddable":true,"href":"https:\/\/dptmocambique.org\/index.php\/wp-json\/wp\/v2\/users\/1"}],"replies":[{"embeddable":true,"href":"https:\/\/dptmocambique.org\/index.php\/wp-json\/wp\/v2\/comments?post=15691"}],"version-history":[{"count":0,"href":"https:\/\/dptmocambique.org\/index.php\/wp-json\/wp\/v2\/pages\/15691\/revisions"}],"wp:attachment":[{"href":"https:\/\/dptmocambique.org\/index.php\/wp-json\/wp\/v2\/media?parent=15691"}],"curies":[{"name":"wp","href":"https:\/\/api.w.org\/{rel}","templated":true}]}}