{"id":15757,"date":"2023-07-18T14:23:04","date_gmt":"2023-07-18T14:23:04","guid":{"rendered":"https:\/\/micaia.itechnology.co.mz\/?page_id=15757"},"modified":"2024-04-15T07:46:07","modified_gmt":"2024-04-15T07:46:07","slug":"apoio","status":"publish","type":"page","link":"https:\/\/dptmocambique.org\/index.php\/apoio\/","title":{"rendered":"Como ajudar?"},"content":{"rendered":"<p>Filantropia \u00e9 quando as pessoas ajudam os outros de forma generosa, seja doando dinheiro, tempo ou habilidades. \u00c9 fazer o bem para causas importantes e contribuir para tornar o mundo um lugar melhor.<\/p>\n<h3><a href=\"https:\/\/dptmocambique.org\/index.php\/donations\/communities-contraceptives-covid-19\/\">Comunidades, contraceptivos e COVID-19<\/a><\/h3>\n<\/p>\n<p>            MT 11,760 of MT 6,000196%<br \/>\n    <!-- \/.goal-progress --><br \/>\n<a id=\"give-card-3299\" href=\"https:\/\/dptmocambique.org\/index.php\/donations\/communities-contraceptives-covid-19\/\">Doar Agora<\/a><br \/>\n        <img width=\"1000\" height=\"1000\" src=\"https:\/\/dptmocambique.org\/wp-content\/uploads\/2020\/03\/Doar-Image.jpg\" alt=\"\" decoding=\"async\" loading=\"lazy\" srcset=\"https:\/\/dptmocambique.org\/wp-content\/uploads\/2020\/03\/Doar-Image.jpg 1000w, https:\/\/dptmocambique.org\/wp-content\/uploads\/2020\/03\/Doar-Image-300x300.jpg 300w, https:\/\/dptmocambique.org\/wp-content\/uploads\/2020\/03\/Doar-Image-150x150.jpg 150w, https:\/\/dptmocambique.org\/wp-content\/uploads\/2020\/03\/Doar-Image-768x768.jpg 768w, https:\/\/dptmocambique.org\/wp-content\/uploads\/2020\/03\/Doar-Image-450x450.jpg 450w, https:\/\/dptmocambique.org\/wp-content\/uploads\/2020\/03\/Doar-Image-800x800.jpg 800w, https:\/\/dptmocambique.org\/wp-content\/uploads\/2020\/03\/Doar-Image-100x100.jpg 100w\" sizes=\"(max-width: 1000px) 100vw, 1000px\" \/>    <\/p>\n<h3><a href=\"https:\/\/dptmocambique.org\/index.php\/donations\/ajudar-criancas-apos-uma-tragedia-infeliz\/\">Ajudar crian\u00e7as ap\u00f3s uma trag\u00e9dia infeliz<\/a><\/h3>\n<\/p>\n<p>            MT 7,200 of MT 8,00090%<br \/>\n    <!-- \/.goal-progress --><br \/>\n<a id=\"give-card-3335\" href=\"https:\/\/dptmocambique.org\/index.php\/donations\/ajudar-criancas-apos-uma-tragedia-infeliz\/\">Doar Agora<\/a><br \/>\n        <img width=\"1000\" height=\"1000\" src=\"https:\/\/dptmocambique.org\/wp-content\/uploads\/2020\/03\/Doar-Image.jpg\" alt=\"\" decoding=\"async\" loading=\"lazy\" srcset=\"https:\/\/dptmocambique.org\/wp-content\/uploads\/2020\/03\/Doar-Image.jpg 1000w, https:\/\/dptmocambique.org\/wp-content\/uploads\/2020\/03\/Doar-Image-300x300.jpg 300w, https:\/\/dptmocambique.org\/wp-content\/uploads\/2020\/03\/Doar-Image-150x150.jpg 150w, https:\/\/dptmocambique.org\/wp-content\/uploads\/2020\/03\/Doar-Image-768x768.jpg 768w, https:\/\/dptmocambique.org\/wp-content\/uploads\/2020\/03\/Doar-Image-450x450.jpg 450w, https:\/\/dptmocambique.org\/wp-content\/uploads\/2020\/03\/Doar-Image-800x800.jpg 800w, https:\/\/dptmocambique.org\/wp-content\/uploads\/2020\/03\/Doar-Image-100x100.jpg 100w\" sizes=\"(max-width: 1000px) 100vw, 1000px\" \/>    <\/p>\n<h3><a href=\"https:\/\/dptmocambique.org\/index.php\/donations\/doacoes-para-construir-lares-em-uganda\/\">Doa\u00e7\u00f5es para construir lares em Uganda<\/a><\/h3>\n<\/p>\n<p>            MT 6,225 of MT 12,00052%<br \/>\n    <!-- \/.goal-progress --><br \/>\n<a id=\"give-card-3329\" href=\"https:\/\/dptmocambique.org\/index.php\/donations\/doacoes-para-construir-lares-em-uganda\/\">Doar Agora<\/a><br \/>\n        <img width=\"1000\" height=\"1000\" src=\"https:\/\/dptmocambique.org\/wp-content\/uploads\/2020\/03\/Doar-Image.jpg\" alt=\"\" decoding=\"async\" loading=\"lazy\" srcset=\"https:\/\/dptmocambique.org\/wp-content\/uploads\/2020\/03\/Doar-Image.jpg 1000w, https:\/\/dptmocambique.org\/wp-content\/uploads\/2020\/03\/Doar-Image-300x300.jpg 300w, https:\/\/dptmocambique.org\/wp-content\/uploads\/2020\/03\/Doar-Image-150x150.jpg 150w, https:\/\/dptmocambique.org\/wp-content\/uploads\/2020\/03\/Doar-Image-768x768.jpg 768w, https:\/\/dptmocambique.org\/wp-content\/uploads\/2020\/03\/Doar-Image-450x450.jpg 450w, https:\/\/dptmocambique.org\/wp-content\/uploads\/2020\/03\/Doar-Image-800x800.jpg 800w, https:\/\/dptmocambique.org\/wp-content\/uploads\/2020\/03\/Doar-Image-100x100.jpg 100w\" sizes=\"(max-width: 1000px) 100vw, 1000px\" \/>    <\/p>\n<h3><a href=\"https:\/\/dptmocambique.org\/index.php\/donations\/girls-education-and-empowerment\/\">Educa\u00e7\u00e3o e empoderamento de meninas<\/a><\/h3>\n<\/p>\n<p>            MT 11,620 of MT 7,000166%<br \/>\n    <!-- \/.goal-progress --><br \/>\n<a id=\"give-card-3297\" href=\"https:\/\/dptmocambique.org\/index.php\/donations\/girls-education-and-empowerment\/\">Doar Agora<\/a><br \/>\n        <img width=\"1000\" height=\"1000\" src=\"https:\/\/dptmocambique.org\/wp-content\/uploads\/2020\/03\/Doar-Image.jpg\" alt=\"\" decoding=\"async\" loading=\"lazy\" srcset=\"https:\/\/dptmocambique.org\/wp-content\/uploads\/2020\/03\/Doar-Image.jpg 1000w, https:\/\/dptmocambique.org\/wp-content\/uploads\/2020\/03\/Doar-Image-300x300.jpg 300w, https:\/\/dptmocambique.org\/wp-content\/uploads\/2020\/03\/Doar-Image-150x150.jpg 150w, https:\/\/dptmocambique.org\/wp-content\/uploads\/2020\/03\/Doar-Image-768x768.jpg 768w, https:\/\/dptmocambique.org\/wp-content\/uploads\/2020\/03\/Doar-Image-450x450.jpg 450w, https:\/\/dptmocambique.org\/wp-content\/uploads\/2020\/03\/Doar-Image-800x800.jpg 800w, https:\/\/dptmocambique.org\/wp-content\/uploads\/2020\/03\/Doar-Image-100x100.jpg 100w\" sizes=\"(max-width: 1000px) 100vw, 1000px\" \/><br \/>\n<!-- .give-grid --><!-- .give-wrap --><\/p>\n","protected":false},"excerpt":{"rendered":"<p>Filantropia \u00e9 quando as pessoas ajudam os outros de forma generosa, seja doando dinheiro, tempo ou habilidades. \u00c9 fazer o bem para causas importantes e contribuir para tornar o mundo um lugar melhor. Comunidades, contraceptivos e COVID-19 MT 11,760 of MT 6,000196% Doar Agora Ajudar crian\u00e7as ap\u00f3s uma trag\u00e9dia infeliz MT 7,200 of MT 8,00090% [&hellip;]<\/p>\n","protected":false},"author":1,"featured_media":0,"parent":0,"menu_order":0,"comment_status":"closed","ping_status":"closed","template":"template-homepage.php","meta":[],"_links":{"self":[{"href":"https:\/\/dptmocambique.org\/index.php\/wp-json\/wp\/v2\/pages\/15757"}],"collection":[{"href":"https:\/\/dptmocambique.org\/index.php\/wp-json\/wp\/v2\/pages"}],"about":[{"href":"https:\/\/dptmocambique.org\/index.php\/wp-json\/wp\/v2\/types\/page"}],"author":[{"embeddable":true,"href":"https:\/\/dptmocambique.org\/index.php\/wp-json\/wp\/v2\/users\/1"}],"replies":[{"embeddable":true,"href":"https:\/\/dptmocambique.org\/index.php\/wp-json\/wp\/v2\/comments?post=15757"}],"version-history":[{"count":0,"href":"https:\/\/dptmocambique.org\/index.php\/wp-json\/wp\/v2\/pages\/15757\/revisions"}],"wp:attachment":[{"href":"https:\/\/dptmocambique.org\/index.php\/wp-json\/wp\/v2\/media?parent=15757"}],"curies":[{"name":"wp","href":"https:\/\/api.w.org\/{rel}","templated":true}]}}