{"id":285,"date":"2022-06-10T07:44:28","date_gmt":"2022-06-10T07:44:28","guid":{"rendered":"https:\/\/demo2wpopal.b-cdn.net\/wi-help\/?page_id=285"},"modified":"2024-04-17T13:19:08","modified_gmt":"2024-04-17T13:19:08","slug":"contactos","status":"publish","type":"page","link":"https:\/\/dptmocambique.org\/index.php\/contactos\/","title":{"rendered":"Contactos"},"content":{"rendered":"<style>\/*! elementor - v3.16.0 - 20-09-2023 *\/\n.elementor-heading-title{padding:0;margin:0;line-height:1}.elementor-widget-heading .elementor-heading-title[class*=elementor-size-]>a{color:inherit;font-size:inherit;line-height:inherit}.elementor-widget-heading .elementor-heading-title.elementor-size-small{font-size:15px}.elementor-widget-heading .elementor-heading-title.elementor-size-medium{font-size:19px}.elementor-widget-heading .elementor-heading-title.elementor-size-large{font-size:29px}.elementor-widget-heading .elementor-heading-title.elementor-size-xl{font-size:39px}.elementor-widget-heading .elementor-heading-title.elementor-size-xxl{font-size:59px}<\/style>\n<h3>Entre em contacto<\/h3>\n<p>Estamos \u00e0 sua disposi\u00e7\u00e3o 7 dias por semana!<\/p>\n<link rel=\"stylesheet\" href=\"https:\/\/dptmocambique.org\/wp-content\/uploads\/elementor\/css\/custom-widget-icon-list.min.css?ver=1699944949\">\n<ul>\n<li>\n\t\t\t\t\t\t\t\t\t\tSede\n\t\t\t\t\t\t\t\t\t<\/li>\n<\/ul>\n<p>Chimoio, Mo\u00e7ambique<br \/>Maputo, Mo\u00e7ambique<\/p>\n<style>\/*! elementor - v3.16.0 - 20-09-2023 *\/\n.elementor-widget-divider{--divider-border-style:none;--divider-border-width:1px;--divider-color:#0c0d0e;--divider-icon-size:20px;--divider-element-spacing:10px;--divider-pattern-height:24px;--divider-pattern-size:20px;--divider-pattern-url:none;--divider-pattern-repeat:repeat-x}.elementor-widget-divider .elementor-divider{display:flex}.elementor-widget-divider .elementor-divider__text{font-size:15px;line-height:1;max-width:95%}.elementor-widget-divider .elementor-divider__element{margin:0 var(--divider-element-spacing);flex-shrink:0}.elementor-widget-divider .elementor-icon{font-size:var(--divider-icon-size)}.elementor-widget-divider .elementor-divider-separator{display:flex;margin:0;direction:ltr}.elementor-widget-divider--view-line_icon .elementor-divider-separator,.elementor-widget-divider--view-line_text .elementor-divider-separator{align-items:center}.elementor-widget-divider--view-line_icon .elementor-divider-separator:after,.elementor-widget-divider--view-line_icon .elementor-divider-separator:before,.elementor-widget-divider--view-line_text .elementor-divider-separator:after,.elementor-widget-divider--view-line_text .elementor-divider-separator:before{display:block;content:\"\";border-bottom:0;flex-grow:1;border-top:var(--divider-border-width) var(--divider-border-style) var(--divider-color)}.elementor-widget-divider--element-align-left .elementor-divider .elementor-divider-separator>.elementor-divider__svg:first-of-type{flex-grow:0;flex-shrink:100}.elementor-widget-divider--element-align-left .elementor-divider-separator:before{content:none}.elementor-widget-divider--element-align-left .elementor-divider__element{margin-left:0}.elementor-widget-divider--element-align-right .elementor-divider .elementor-divider-separator>.elementor-divider__svg:last-of-type{flex-grow:0;flex-shrink:100}.elementor-widget-divider--element-align-right .elementor-divider-separator:after{content:none}.elementor-widget-divider--element-align-right .elementor-divider__element{margin-right:0}.elementor-widget-divider:not(.elementor-widget-divider--view-line_text):not(.elementor-widget-divider--view-line_icon) .elementor-divider-separator{border-top:var(--divider-border-width) var(--divider-border-style) var(--divider-color)}.elementor-widget-divider--separator-type-pattern{--divider-border-style:none}.elementor-widget-divider--separator-type-pattern.elementor-widget-divider--view-line .elementor-divider-separator,.elementor-widget-divider--separator-type-pattern:not(.elementor-widget-divider--view-line) .elementor-divider-separator:after,.elementor-widget-divider--separator-type-pattern:not(.elementor-widget-divider--view-line) .elementor-divider-separator:before,.elementor-widget-divider--separator-type-pattern:not([class*=elementor-widget-divider--view]) .elementor-divider-separator{width:100%;min-height:var(--divider-pattern-height);-webkit-mask-size:var(--divider-pattern-size) 100%;mask-size:var(--divider-pattern-size) 100%;-webkit-mask-repeat:var(--divider-pattern-repeat);mask-repeat:var(--divider-pattern-repeat);background-color:var(--divider-color);-webkit-mask-image:var(--divider-pattern-url);mask-image:var(--divider-pattern-url)}.elementor-widget-divider--no-spacing{--divider-pattern-size:auto}.elementor-widget-divider--bg-round{--divider-pattern-repeat:round}.rtl .elementor-widget-divider .elementor-divider__text{direction:rtl}.e-con-inner>.elementor-widget-divider,.e-con>.elementor-widget-divider{width:var(--container-widget-width,100%);--flex-grow:var(--container-widget-flex-grow)}<\/style>\n<ul>\n<li>\n\t\t\t\t\t\t\t\t\t\tN\u00famero de telefone\n\t\t\t\t\t\t\t\t\t<\/li>\n<\/ul>\n<p>+(258) 87 966 6550<br \/>+(258) 83 388 3654<\/p>\n<ul>\n<li>\n\t\t\t\t\t\t\t\t\t\tEnvie-nos um email\n\t\t\t\t\t\t\t\t\t<\/li>\n<\/ul>\n<p>\t\tcontact@dptmocambique.org\n\t\t\t<link rel=\"stylesheet\" href=\"https:\/\/dptmocambique.org\/wp-content\/uploads\/elementor\/css\/custom-widget-icon-box.min.css?ver=1699944947\">\n<h3>\n\t\t\t\t\t\tNossa linha de ajuda gratuita est\u00e1 aberta 24h, 7 dias por semana<br \/>\n\t\t\t\t<\/h3>\n<p>\n\t\t\t\t\t\t+(258) 87 966 6550\t\t\t\t\t<\/p>\n<p>\t\t\t<a href=\"#\"><br \/>\n\t\t\t\t\t\tObtenha ajuda agora<br \/>\n\t\t\t\t\t<\/a><\/p>\n<style>\/*! elementor - v3.16.0 - 20-09-2023 *\/\n.elementor-widget-google_maps .elementor-widget-container{overflow:hidden}.elementor-widget-google_maps .elementor-custom-embed{line-height:0}.elementor-widget-google_maps iframe{height:300px}<\/style>\n<p>\t\t\t<iframe loading=\"lazy\"\n\t\t\t\t\tsrc=\"https:\/\/maps.google.com\/maps?q=Chimoio%2C%20Mo%C3%A7ambique&#038;t=m&#038;z=10&#038;output=embed&#038;iwloc=near\"\n\t\t\t\t\ttitle=\"Chimoio, Mo\u00e7ambique\"\n\t\t\t\t\taria-label=\"Chimoio, Mo\u00e7ambique\"\n\t\t\t><\/iframe><\/p>\n<h5>N\u00f3s adorar\u00edamos receber not\u00edcias suas<\/h5>\n<p>Seu endere\u00e7o de e-mail n\u00e3o ser\u00e1 publicado. Campos obrigat\u00f3rios est\u00e3o marcados com *<\/p>\n<p role=\"status\" aria-live=\"polite\" aria-atomic=\"true\">\n<ul><\/ul>\n<form action=\"\/wp-admin\/admin-ajax.php#wpcf7-f7528-o1\" method=\"post\" aria-label=\"Contact form\" novalidate=\"novalidate\" data-status=\"init\">\n<input type=\"hidden\" name=\"_wpcf7\" value=\"7528\" \/><br \/>\n<input type=\"hidden\" name=\"_wpcf7_version\" value=\"5.7.7\" \/><br \/>\n<input type=\"hidden\" name=\"_wpcf7_locale\" value=\"en_US\" \/><br \/>\n<input type=\"hidden\" name=\"_wpcf7_unit_tag\" value=\"wpcf7-f7528-o1\" \/><br \/>\n<input type=\"hidden\" name=\"_wpcf7_container_post\" value=\"0\" \/><br \/>\n<input type=\"hidden\" name=\"_wpcf7_posted_data_hash\" value=\"\" \/><\/p>\n<p><label>Nome *<\/label><br \/>\n<input size=\"40\" aria-required=\"true\" aria-invalid=\"false\" placeholder=\"Nome *\" value=\"\" type=\"text\" name=\"your-name\" \/>\n\t\t<\/p>\n<p><label>Email *<\/label><br \/>\n<input size=\"40\" aria-required=\"true\" aria-invalid=\"false\" placeholder=\"Email *\" value=\"\" type=\"email\" name=\"your-email\" \/>\n\t\t<\/p>\n<p><label>Telefone *<\/label><br \/>\n<input size=\"40\" aria-required=\"true\" aria-invalid=\"false\" placeholder=\"Telefone\" value=\"\" type=\"text\" name=\"your-number\" \/>\n\t\t<\/p>\n<p><label>Endere\u00e7o *<\/label><br \/>\n<input size=\"40\" aria-required=\"true\" aria-invalid=\"false\" placeholder=\"Endere\u00e7o\" value=\"\" type=\"text\" name=\"your-number\" \/>\n\t\t<\/p>\n<p><input type=\"submit\" value=\"Enviar\" \/>\n\t\t<\/p>\n<\/form>\n","protected":false},"excerpt":{"rendered":"<p>Entre em contacto Estamos \u00e0 sua disposi\u00e7\u00e3o 7 dias por semana! Sede Chimoio, Mo\u00e7ambiqueMaputo, Mo\u00e7ambique N\u00famero de telefone +(258) 87 966 6550+(258) 83 388 3654 Envie-nos um email contact@dptmocambique.org Nossa linha de ajuda gratuita est\u00e1 aberta 24h, 7 dias por semana +(258) 87 966 6550 Obtenha ajuda agora N\u00f3s adorar\u00edamos receber not\u00edcias suas Seu endere\u00e7o [&hellip;]<\/p>\n","protected":false},"author":1,"featured_media":0,"parent":0,"menu_order":0,"comment_status":"closed","ping_status":"closed","template":"template-homepage.php","meta":[],"_links":{"self":[{"href":"https:\/\/dptmocambique.org\/index.php\/wp-json\/wp\/v2\/pages\/285"}],"collection":[{"href":"https:\/\/dptmocambique.org\/index.php\/wp-json\/wp\/v2\/pages"}],"about":[{"href":"https:\/\/dptmocambique.org\/index.php\/wp-json\/wp\/v2\/types\/page"}],"author":[{"embeddable":true,"href":"https:\/\/dptmocambique.org\/index.php\/wp-json\/wp\/v2\/users\/1"}],"replies":[{"embeddable":true,"href":"https:\/\/dptmocambique.org\/index.php\/wp-json\/wp\/v2\/comments?post=285"}],"version-history":[{"count":0,"href":"https:\/\/dptmocambique.org\/index.php\/wp-json\/wp\/v2\/pages\/285\/revisions"}],"wp:attachment":[{"href":"https:\/\/dptmocambique.org\/index.php\/wp-json\/wp\/v2\/media?parent=285"}],"curies":[{"name":"wp","href":"https:\/\/api.w.org\/{rel}","templated":true}]}}